{"id":2400,"date":"2023-12-28T07:41:00","date_gmt":"2023-12-28T07:41:00","guid":{"rendered":"http:\/\/fayeing-conseils.fr\/?page_id=2400"},"modified":"2024-03-21T18:43:17","modified_gmt":"2024-03-21T18:43:17","slug":"projects-realises-en-freelance","status":"publish","type":"page","link":"https:\/\/fayeing-conseils.fr\/index.php\/projects-realises-en-freelance\/","title":{"rendered":"NOS COMPETENCES A TRAVERS NOS EXPERIENCES"},"content":{"rendered":"\t\t<div data-elementor-type=\"wp-page\" data-elementor-id=\"2400\" class=\"elementor elementor-2400\" data-elementor-post-type=\"page\">\n\t\t\t\t<div class=\"elementor-element elementor-element-403265e6 e-con-full e-flex e-con e-parent\" data-id=\"403265e6\" data-element_type=\"container\" data-settings=\"{&quot;background_background&quot;:&quot;classic&quot;}\">\n\t\t<div class=\"elementor-element elementor-element-43304e2 e-con-full e-flex e-con e-child\" data-id=\"43304e2\" data-element_type=\"container\">\n\t\t\t\t<div class=\"elementor-element elementor-element-713dafb elementor-widget elementor-widget-heading\" data-id=\"713dafb\" data-element_type=\"widget\" data-widget_type=\"heading.default\">\n\t\t\t\t<div class=\"elementor-widget-container\">\n\t\t\t<style>\/*! elementor - v3.23.0 - 15-07-2024 *\/\n.elementor-heading-title{padding:0;margin:0;line-height:1}.elementor-widget-heading .elementor-heading-title[class*=elementor-size-]>a{color:inherit;font-size:inherit;line-height:inherit}.elementor-widget-heading .elementor-heading-title.elementor-size-small{font-size:15px}.elementor-widget-heading .elementor-heading-title.elementor-size-medium{font-size:19px}.elementor-widget-heading .elementor-heading-title.elementor-size-large{font-size:29px}.elementor-widget-heading .elementor-heading-title.elementor-size-xl{font-size:39px}.elementor-widget-heading .elementor-heading-title.elementor-size-xxl{font-size:59px}<\/style><h1 class=\"elementor-heading-title elementor-size-default\">NOS COMP\u00c9TENCES A TRAVERS NOS EXP\u00c9RIENCES<\/h1>\t\t<\/div>\n\t\t\t\t<\/div>\n\t\t\t\t<\/div>\n\t\t\t\t<\/div>\n\t\t<div class=\"elementor-element elementor-element-49d1973 e-flex e-con-boxed e-con e-parent\" data-id=\"49d1973\" data-element_type=\"container\">\n\t\t\t\t\t<div class=\"e-con-inner\">\n\t\t\t\t<div class=\"elementor-element elementor-element-6e92053 elementor-widget elementor-widget-spacer\" data-id=\"6e92053\" data-element_type=\"widget\" data-widget_type=\"spacer.default\">\n\t\t\t\t<div class=\"elementor-widget-container\">\n\t\t\t<style>\/*! elementor - v3.23.0 - 15-07-2024 *\/\n.elementor-column .elementor-spacer-inner{height:var(--spacer-size)}.e-con{--container-widget-width:100%}.e-con-inner>.elementor-widget-spacer,.e-con>.elementor-widget-spacer{width:var(--container-widget-width,var(--spacer-size));--align-self:var(--container-widget-align-self,initial);--flex-shrink:0}.e-con-inner>.elementor-widget-spacer>.elementor-widget-container,.e-con>.elementor-widget-spacer>.elementor-widget-container{height:100%;width:100%}.e-con-inner>.elementor-widget-spacer>.elementor-widget-container>.elementor-spacer,.e-con>.elementor-widget-spacer>.elementor-widget-container>.elementor-spacer{height:100%}.e-con-inner>.elementor-widget-spacer>.elementor-widget-container>.elementor-spacer>.elementor-spacer-inner,.e-con>.elementor-widget-spacer>.elementor-widget-container>.elementor-spacer>.elementor-spacer-inner{height:var(--container-widget-height,var(--spacer-size))}.e-con-inner>.elementor-widget-spacer.elementor-widget-empty,.e-con>.elementor-widget-spacer.elementor-widget-empty{position:relative;min-height:22px;min-width:22px}.e-con-inner>.elementor-widget-spacer.elementor-widget-empty .elementor-widget-empty-icon,.e-con>.elementor-widget-spacer.elementor-widget-empty .elementor-widget-empty-icon{position:absolute;top:0;bottom:0;left:0;right:0;margin:auto;padding:0;width:22px;height:22px}<\/style>\t\t<div class=\"elementor-spacer\">\n\t\t\t<div class=\"elementor-spacer-inner\"><\/div>\n\t\t<\/div>\n\t\t\t\t<\/div>\n\t\t\t\t<\/div>\n\t\t\t\t\t<\/div>\n\t\t\t\t<\/div>\n\t\t<div class=\"elementor-element elementor-element-a3ef48b e-con-full e-flex e-con e-parent\" data-id=\"a3ef48b\" data-element_type=\"container\">\n\t\t\t\t<div class=\"elementor-element elementor-element-4d91b8b background-color : red elementor-widget elementor-widget-turner_project_carousel\" data-id=\"4d91b8b\" data-element_type=\"widget\" data-settings=\"{&quot;icon_box_space&quot;:{&quot;unit&quot;:&quot;px&quot;,&quot;top&quot;:&quot;&quot;,&quot;right&quot;:&quot;&quot;,&quot;bottom&quot;:&quot;&quot;,&quot;left&quot;:&quot;&quot;,&quot;isLinked&quot;:true},&quot;icon_box_space_tablet&quot;:{&quot;unit&quot;:&quot;px&quot;,&quot;top&quot;:&quot;&quot;,&quot;right&quot;:&quot;&quot;,&quot;bottom&quot;:&quot;&quot;,&quot;left&quot;:&quot;&quot;,&quot;isLinked&quot;:true},&quot;icon_box_space_mobile&quot;:{&quot;unit&quot;:&quot;px&quot;,&quot;top&quot;:&quot;&quot;,&quot;right&quot;:&quot;&quot;,&quot;bottom&quot;:&quot;&quot;,&quot;left&quot;:&quot;&quot;,&quot;isLinked&quot;:true},&quot;icon_box_padding&quot;:{&quot;unit&quot;:&quot;px&quot;,&quot;top&quot;:&quot;&quot;,&quot;right&quot;:&quot;&quot;,&quot;bottom&quot;:&quot;&quot;,&quot;left&quot;:&quot;&quot;,&quot;isLinked&quot;:true},&quot;icon_box_padding_tablet&quot;:{&quot;unit&quot;:&quot;px&quot;,&quot;top&quot;:&quot;&quot;,&quot;right&quot;:&quot;&quot;,&quot;bottom&quot;:&quot;&quot;,&quot;left&quot;:&quot;&quot;,&quot;isLinked&quot;:true},&quot;icon_box_padding_mobile&quot;:{&quot;unit&quot;:&quot;px&quot;,&quot;top&quot;:&quot;&quot;,&quot;right&quot;:&quot;&quot;,&quot;bottom&quot;:&quot;&quot;,&quot;left&quot;:&quot;&quot;,&quot;isLinked&quot;:true}}\" data-widget_type=\"turner_project_carousel.default\">\n\t\t\t\t<div class=\"elementor-widget-container\">\n\t\t\t\t<div class=\"tur-project-content position-relative\">\r\n\t\t<div class=\"tur-project-slider swiper-container\">\r\n\t\t\t<div class=\"swiper-wrapper\">  \r\n\t\t\t\t\t\t\t\t<div class=\"swiper-slide\">\r\n\t\t\t\t\t<div class=\"tur-project-item\">\r\n\t\t\t\t\t\t<div class=\"project-img\">\r\n\t\t\t\t\t\t\t<img decoding=\"async\" src=\"https:\/\/fayeing-conseils.fr\/wp-content\/uploads\/2024\/02\/Design-sans-titre-3.png\" alt=\"\">\r\n\t\t\t\t\t\t<\/div>\r\n\t\t\t\t\t\t<div class=\"project-text position-relative\">\r\n\t\t\t\t\t\t\t<div class=\"item-location position-absolute\">\r\n\t\t\t\t\t\t\t\t<i class=\"fas fa-map-marker-alt\"><\/i> TOURS\t\t\t\t\t\t\t<\/div>\r\n\t\t\t\t\t\t\t<h3><a href=\"#\"><h6>Minist\u00e8re des arm\u00e9es<\/h6>\n<br>\n<br>\n<br>\n<br>\n<\/a><\/h3>\r\n\t\t\t\t\t\t<\/div>\r\n\t\t\t\t\t<\/div>\r\n\t\t\t\t<\/div>\r\n\t\t\t\t\t\t\t\t<div class=\"swiper-slide\">\r\n\t\t\t\t\t<div class=\"tur-project-item\">\r\n\t\t\t\t\t\t<div class=\"project-img\">\r\n\t\t\t\t\t\t\t<img decoding=\"async\" src=\"https:\/\/fayeing-conseils.fr\/wp-content\/uploads\/2024\/02\/Design-sans-titre-4.png\" alt=\"\">\r\n\t\t\t\t\t\t<\/div>\r\n\t\t\t\t\t\t<div class=\"project-text position-relative\">\r\n\t\t\t\t\t\t\t<div class=\"item-location position-absolute\">\r\n\t\t\t\t\t\t\t\t<i class=\"fas fa-map-marker-alt\"><\/i> TOURS\n\t\t\t\t\t\t\t<\/div>\r\n\t\t\t\t\t\t\t<h3><a href=\"#\"><h6>Maquette Archi minist\u00e8re <\/h6>\n<br>\n<br>\n<br>\n<br>\n\n<\/a><\/h3>\r\n\t\t\t\t\t\t<\/div>\r\n\t\t\t\t\t<\/div>\r\n\t\t\t\t<\/div>\r\n\t\t\t\t\t\t\t\t<div class=\"swiper-slide\">\r\n\t\t\t\t\t<div class=\"tur-project-item\">\r\n\t\t\t\t\t\t<div class=\"project-img\">\r\n\t\t\t\t\t\t\t<img decoding=\"async\" src=\"https:\/\/fayeing-conseils.fr\/wp-content\/uploads\/2024\/02\/Design-sans-titre-5.png\" alt=\"\">\r\n\t\t\t\t\t\t<\/div>\r\n\t\t\t\t\t\t<div class=\"project-text position-relative\">\r\n\t\t\t\t\t\t\t<div class=\"item-location position-absolute\">\r\n\t\t\t\t\t\t\t\t<i class=\"fas fa-map-marker-alt\"><\/i> TOURS\t\t\t\t\t\t\t<\/div>\r\n\t\t\t\t\t\t\t<h3><a href=\"#\"><h6>Maquette Structure minist\u00e8re <\/h6>\n<br>\n<br>\n<br>\n<br>\n\n<\/a><\/h3>\r\n\t\t\t\t\t\t<\/div>\r\n\t\t\t\t\t<\/div>\r\n\t\t\t\t<\/div>\r\n\t\t\t\t\t\t\t\t<div class=\"swiper-slide\">\r\n\t\t\t\t\t<div class=\"tur-project-item\">\r\n\t\t\t\t\t\t<div class=\"project-img\">\r\n\t\t\t\t\t\t\t<img decoding=\"async\" src=\"https:\/\/fayeing-conseils.fr\/wp-content\/uploads\/2024\/02\/Design-sans-titre-7.png\" alt=\"\">\r\n\t\t\t\t\t\t<\/div>\r\n\t\t\t\t\t\t<div class=\"project-text position-relative\">\r\n\t\t\t\t\t\t\t<div class=\"item-location position-absolute\">\r\n\t\t\t\t\t\t\t\t<i class=\"fas fa-map-marker-alt\"><\/i> TOURS\t\t\t\t\t\t\t<\/div>\r\n\t\t\t\t\t\t\t<h3><a href=\"#\"><h6>Icade<\/h6>\n<br>\n<br> \n<br>\n<br><\/a><\/h3>\r\n\t\t\t\t\t\t<\/div>\r\n\t\t\t\t\t<\/div>\r\n\t\t\t\t<\/div>\r\n\t\t\t\t\t\t\t\t<div class=\"swiper-slide\">\r\n\t\t\t\t\t<div class=\"tur-project-item\">\r\n\t\t\t\t\t\t<div class=\"project-img\">\r\n\t\t\t\t\t\t\t<img decoding=\"async\" src=\"https:\/\/fayeing-conseils.fr\/wp-content\/uploads\/2024\/02\/Design-sans-titre-6.png\" alt=\"\">\r\n\t\t\t\t\t\t<\/div>\r\n\t\t\t\t\t\t<div class=\"project-text position-relative\">\r\n\t\t\t\t\t\t\t<div class=\"item-location position-absolute\">\r\n\t\t\t\t\t\t\t\t<i class=\"fas fa-map-marker-alt\"><\/i> TOURS\t\t\t\t\t\t\t<\/div>\r\n\t\t\t\t\t\t\t<h3><a href=\"#\"><h6>Maquette archi Icade<\/h6>\n<br> \n<br> \n<br> \n<br>\n\n<\/a><\/h3>\r\n\t\t\t\t\t\t<\/div>\r\n\t\t\t\t\t<\/div>\r\n\t\t\t\t<\/div>\r\n\t\t\t\t\t\t\t\t<div class=\"swiper-slide\">\r\n\t\t\t\t\t<div class=\"tur-project-item\">\r\n\t\t\t\t\t\t<div class=\"project-img\">\r\n\t\t\t\t\t\t\t<img decoding=\"async\" src=\"https:\/\/fayeing-conseils.fr\/wp-content\/uploads\/2024\/02\/Design-sans-titre-8.png\" alt=\"\">\r\n\t\t\t\t\t\t<\/div>\r\n\t\t\t\t\t\t<div class=\"project-text position-relative\">\r\n\t\t\t\t\t\t\t<div class=\"item-location position-absolute\">\r\n\t\t\t\t\t\t\t\t<i class=\"fas fa-map-marker-alt\"><\/i> TOURS\t\t\t\t\t\t\t<\/div>\r\n\t\t\t\t\t\t\t<h3><a href=\"#\"><h6>Maquette structure Icade<\/h6>\n<br>\n<br> \n<br> \n<br>\n\n<\/a><\/h3>\r\n\t\t\t\t\t\t<\/div>\r\n\t\t\t\t\t<\/div>\r\n\t\t\t\t<\/div>\r\n\t\t\t\t\t\t\t\t<div class=\"swiper-slide\">\r\n\t\t\t\t\t<div class=\"tur-project-item\">\r\n\t\t\t\t\t\t<div class=\"project-img\">\r\n\t\t\t\t\t\t\t<img decoding=\"async\" src=\"https:\/\/fayeing-conseils.fr\/wp-content\/uploads\/2024\/02\/Design-sans-titre-10.png\" alt=\"\">\r\n\t\t\t\t\t\t<\/div>\r\n\t\t\t\t\t\t<div class=\"project-text position-relative\">\r\n\t\t\t\t\t\t\t<div class=\"item-location position-absolute\">\r\n\t\t\t\t\t\t\t\t<i class=\"fas fa-map-marker-alt\"><\/i> Blois\t\t\t\t\t\t\t<\/div>\r\n\t\t\t\t\t\t\t<h3><a href=\"#\"><h6>Concession automobile BMW Blois<\/h6>\n<br>\n<br>\n<br>\n<br>\n\n<\/a><\/h3>\r\n\t\t\t\t\t\t<\/div>\r\n\t\t\t\t\t<\/div>\r\n\t\t\t\t<\/div>\r\n\t\t\t\t\t\t\t\t<div class=\"swiper-slide\">\r\n\t\t\t\t\t<div class=\"tur-project-item\">\r\n\t\t\t\t\t\t<div class=\"project-img\">\r\n\t\t\t\t\t\t\t<img decoding=\"async\" src=\"https:\/\/fayeing-conseils.fr\/wp-content\/uploads\/2024\/03\/Screenshot_2024-03-21_14-16-28llll.png\" alt=\"\">\r\n\t\t\t\t\t\t<\/div>\r\n\t\t\t\t\t\t<div class=\"project-text position-relative\">\r\n\t\t\t\t\t\t\t<div class=\"item-location position-absolute\">\r\n\t\t\t\t\t\t\t\t<i class=\"fas fa-map-marker-alt\"><\/i> TOURS\t\t\t\t\t\t\t<\/div>\r\n\t\t\t\t\t\t\t<h3><a href=\"#\"><h6>QG Nexity<\/h6>\n<br>\n<br>\n<br>\n<br><\/a><\/h3>\r\n\t\t\t\t\t\t<\/div>\r\n\t\t\t\t\t<\/div>\r\n\t\t\t\t<\/div>\r\n\t\t\t\t\t\t\t\t<div class=\"swiper-slide\">\r\n\t\t\t\t\t<div class=\"tur-project-item\">\r\n\t\t\t\t\t\t<div class=\"project-img\">\r\n\t\t\t\t\t\t\t<img decoding=\"async\" src=\"https:\/\/fayeing-conseils.fr\/wp-content\/uploads\/2024\/03\/ob_b350ae_67e08274ec6146a054bcb6166e6d85a08f1c0d.jpg\" alt=\"\">\r\n\t\t\t\t\t\t<\/div>\r\n\t\t\t\t\t\t<div class=\"project-text position-relative\">\r\n\t\t\t\t\t\t\t<div class=\"item-location position-absolute\">\r\n\t\t\t\t\t\t\t\t<i class=\"fas fa-map-marker-alt\"><\/i> TOURS\t\t\t\t\t\t\t<\/div>\r\n\t\t\t\t\t\t\t<h3><a href=\"#\"><h6>Atelier 144<\/h6>\n<br>\n<br>\n<br>\n<br>\n<\/a><\/h3>\r\n\t\t\t\t\t\t<\/div>\r\n\t\t\t\t\t<\/div>\r\n\t\t\t\t<\/div>\r\n\t\t\t\t\t\t\t\t<div class=\"swiper-slide\">\r\n\t\t\t\t\t<div class=\"tur-project-item\">\r\n\t\t\t\t\t\t<div class=\"project-img\">\r\n\t\t\t\t\t\t\t<img decoding=\"async\" src=\"https:\/\/fayeing-conseils.fr\/wp-content\/uploads\/2024\/03\/6845bd6a1e2aafcc0876aef283cd6bcc3a5f6e3b.jpeg\" alt=\"\">\r\n\t\t\t\t\t\t<\/div>\r\n\t\t\t\t\t\t<div class=\"project-text position-relative\">\r\n\t\t\t\t\t\t\t<div class=\"item-location position-absolute\">\r\n\t\t\t\t\t\t\t\t<i class=\"fas fa-map-marker-alt\"><\/i> TOURS\t\t\t\t\t\t\t<\/div>\r\n\t\t\t\t\t\t\t<h3><a href=\"#\"><h6>CROUS Rabelais<\/h6>\n<br>\n<br>\n<br>\n<br><\/a><\/h3>\r\n\t\t\t\t\t\t<\/div>\r\n\t\t\t\t\t<\/div>\r\n\t\t\t\t<\/div>\r\n\t\t\t\t\t\t\t<\/div>\r\n\t\t<\/div>\r\n\t\t<div class=\"tur-project-slider-nav\">\r\n\t\t\t<div class=\"tur-project-button-prev tur-slider-arrow position-absolute d-flex justify-content-center align-items-center\"><img decoding=\"async\" src=\"https:\/\/themexriver.com\/wp\/buildexo\/wp-content\/uploads\/2023\/09\/arrow-prev.png\" alt=\"\"><\/div>\r\n\t\t\t<div class=\"tur-project-button-next tur-slider-arrow position-absolute d-flex justify-content-center align-items-center\"><img decoding=\"async\" src=\"https:\/\/themexriver.com\/wp\/buildexo\/wp-content\/uploads\/2023\/09\/arrow-next.png\" alt=\"\"><\/div>\r\n\t\t<\/div>\r\n\t<\/div>\r\n\t\t\t<\/div>\n\t\t\t\t<\/div>\n\t\t\t\t<\/div>\n\t\t<div class=\"elementor-element elementor-element-5263dde e-flex e-con-boxed e-con e-parent\" data-id=\"5263dde\" data-element_type=\"container\">\n\t\t\t\t\t<div class=\"e-con-inner\">\n\t\t\t\t<div class=\"elementor-element elementor-element-2064f8c elementor-widget elementor-widget-spacer\" data-id=\"2064f8c\" data-element_type=\"widget\" data-widget_type=\"spacer.default\">\n\t\t\t\t<div class=\"elementor-widget-container\">\n\t\t\t\t\t<div class=\"elementor-spacer\">\n\t\t\t<div class=\"elementor-spacer-inner\"><\/div>\n\t\t<\/div>\n\t\t\t\t<\/div>\n\t\t\t\t<\/div>\n\t\t\t\t\t<\/div>\n\t\t\t\t<\/div>\n\t\t\t\t<\/div>\n\t\t","protected":false},"excerpt":{"rendered":"<p>NOS COMP\u00c9TENCES A TRAVERS NOS EXP\u00c9RIENCES TOURS Minist\u00e8re des arm\u00e9es TOURS Maquette Archi minist\u00e8re TOURS Maquette Structure minist\u00e8re TOURS Icade TOURS Maquette archi Icade TOURS Maquette structure Icade Blois Concession automobile BMW Blois TOURS QG Nexity TOURS Atelier 144 TOURS CROUS Rabelais<\/p>\n","protected":false},"author":1,"featured_media":0,"parent":0,"menu_order":0,"comment_status":"closed","ping_status":"closed","template":"elementor_header_footer","meta":{"footnotes":""},"class_list":["post-2400","page","type-page","status-publish","hentry"],"aioseo_notices":[],"_links":{"self":[{"href":"https:\/\/fayeing-conseils.fr\/index.php\/wp-json\/wp\/v2\/pages\/2400","targetHints":{"allow":["GET"]}}],"collection":[{"href":"https:\/\/fayeing-conseils.fr\/index.php\/wp-json\/wp\/v2\/pages"}],"about":[{"href":"https:\/\/fayeing-conseils.fr\/index.php\/wp-json\/wp\/v2\/types\/page"}],"author":[{"embeddable":true,"href":"https:\/\/fayeing-conseils.fr\/index.php\/wp-json\/wp\/v2\/users\/1"}],"replies":[{"embeddable":true,"href":"https:\/\/fayeing-conseils.fr\/index.php\/wp-json\/wp\/v2\/comments?post=2400"}],"version-history":[{"count":132,"href":"https:\/\/fayeing-conseils.fr\/index.php\/wp-json\/wp\/v2\/pages\/2400\/revisions"}],"predecessor-version":[{"id":4879,"href":"https:\/\/fayeing-conseils.fr\/index.php\/wp-json\/wp\/v2\/pages\/2400\/revisions\/4879"}],"wp:attachment":[{"href":"https:\/\/fayeing-conseils.fr\/index.php\/wp-json\/wp\/v2\/media?parent=2400"}],"curies":[{"name":"wp","href":"https:\/\/api.w.org\/{rel}","templated":true}]}}