{"id":2426,"date":"2023-12-28T07:55:51","date_gmt":"2023-12-28T07:55:51","guid":{"rendered":"http:\/\/fayeing-conseils.fr\/?page_id=2426"},"modified":"2024-03-21T18:47:38","modified_gmt":"2024-03-21T18:47:38","slug":"projects-realises-en-entreprise","status":"publish","type":"page","link":"https:\/\/fayeing-conseils.fr\/index.php\/projects-realises-en-entreprise\/","title":{"rendered":"NOS COMPETENCES A TRAVERS NOS REALISATIONS"},"content":{"rendered":"\t\t<div data-elementor-type=\"wp-page\" data-elementor-id=\"2426\" class=\"elementor elementor-2426\" data-elementor-post-type=\"page\">\n\t\t\t\t<div class=\"elementor-element elementor-element-64a8e59 e-con-full e-flex e-con e-parent\" data-id=\"64a8e59\" data-element_type=\"container\" data-settings=\"{&quot;background_background&quot;:&quot;classic&quot;}\">\n\t\t<div class=\"elementor-element elementor-element-6db6378 e-con-full e-flex e-con e-child\" data-id=\"6db6378\" data-element_type=\"container\">\n\t\t\t\t<div class=\"elementor-element elementor-element-d77dbc2 elementor-widget elementor-widget-heading\" data-id=\"d77dbc2\" data-element_type=\"widget\" data-widget_type=\"heading.default\">\n\t\t\t\t<div class=\"elementor-widget-container\">\n\t\t\t<style>\/*! elementor - v3.23.0 - 15-07-2024 *\/\n.elementor-heading-title{padding:0;margin:0;line-height:1}.elementor-widget-heading .elementor-heading-title[class*=elementor-size-]>a{color:inherit;font-size:inherit;line-height:inherit}.elementor-widget-heading .elementor-heading-title.elementor-size-small{font-size:15px}.elementor-widget-heading .elementor-heading-title.elementor-size-medium{font-size:19px}.elementor-widget-heading .elementor-heading-title.elementor-size-large{font-size:29px}.elementor-widget-heading .elementor-heading-title.elementor-size-xl{font-size:39px}.elementor-widget-heading .elementor-heading-title.elementor-size-xxl{font-size:59px}<\/style><h1 class=\"elementor-heading-title elementor-size-default\">NOS COMP\u00c9TENCES A TRAVERS NOS R\u00c9ALISATIONS<\/h1>\t\t<\/div>\n\t\t\t\t<\/div>\n\t\t\t\t<\/div>\n\t\t\t\t<\/div>\n\t\t<div class=\"elementor-element elementor-element-92fd67f e-flex e-con-boxed e-con e-parent\" data-id=\"92fd67f\" data-element_type=\"container\">\n\t\t\t\t\t<div class=\"e-con-inner\">\n\t\t\t\t<div class=\"elementor-element elementor-element-d0830e4 elementor-widget elementor-widget-spacer\" data-id=\"d0830e4\" data-element_type=\"widget\" data-widget_type=\"spacer.default\">\n\t\t\t\t<div class=\"elementor-widget-container\">\n\t\t\t<style>\/*! elementor - v3.23.0 - 15-07-2024 *\/\n.elementor-column .elementor-spacer-inner{height:var(--spacer-size)}.e-con{--container-widget-width:100%}.e-con-inner>.elementor-widget-spacer,.e-con>.elementor-widget-spacer{width:var(--container-widget-width,var(--spacer-size));--align-self:var(--container-widget-align-self,initial);--flex-shrink:0}.e-con-inner>.elementor-widget-spacer>.elementor-widget-container,.e-con>.elementor-widget-spacer>.elementor-widget-container{height:100%;width:100%}.e-con-inner>.elementor-widget-spacer>.elementor-widget-container>.elementor-spacer,.e-con>.elementor-widget-spacer>.elementor-widget-container>.elementor-spacer{height:100%}.e-con-inner>.elementor-widget-spacer>.elementor-widget-container>.elementor-spacer>.elementor-spacer-inner,.e-con>.elementor-widget-spacer>.elementor-widget-container>.elementor-spacer>.elementor-spacer-inner{height:var(--container-widget-height,var(--spacer-size))}.e-con-inner>.elementor-widget-spacer.elementor-widget-empty,.e-con>.elementor-widget-spacer.elementor-widget-empty{position:relative;min-height:22px;min-width:22px}.e-con-inner>.elementor-widget-spacer.elementor-widget-empty .elementor-widget-empty-icon,.e-con>.elementor-widget-spacer.elementor-widget-empty .elementor-widget-empty-icon{position:absolute;top:0;bottom:0;left:0;right:0;margin:auto;padding:0;width:22px;height:22px}<\/style>\t\t<div class=\"elementor-spacer\">\n\t\t\t<div class=\"elementor-spacer-inner\"><\/div>\n\t\t<\/div>\n\t\t\t\t<\/div>\n\t\t\t\t<\/div>\n\t\t\t\t\t<\/div>\n\t\t\t\t<\/div>\n\t\t<div class=\"elementor-element elementor-element-c76c282 e-con-full e-flex e-con e-parent\" data-id=\"c76c282\" data-element_type=\"container\">\n\t\t\t\t<div class=\"elementor-element elementor-element-557f91d background-color : red elementor-widget elementor-widget-turner_project_carousel\" data-id=\"557f91d\" data-element_type=\"widget\" data-settings=\"{&quot;icon_box_space&quot;:{&quot;unit&quot;:&quot;px&quot;,&quot;top&quot;:&quot;&quot;,&quot;right&quot;:&quot;&quot;,&quot;bottom&quot;:&quot;&quot;,&quot;left&quot;:&quot;&quot;,&quot;isLinked&quot;:true},&quot;icon_box_space_tablet&quot;:{&quot;unit&quot;:&quot;px&quot;,&quot;top&quot;:&quot;&quot;,&quot;right&quot;:&quot;&quot;,&quot;bottom&quot;:&quot;&quot;,&quot;left&quot;:&quot;&quot;,&quot;isLinked&quot;:true},&quot;icon_box_space_mobile&quot;:{&quot;unit&quot;:&quot;px&quot;,&quot;top&quot;:&quot;&quot;,&quot;right&quot;:&quot;&quot;,&quot;bottom&quot;:&quot;&quot;,&quot;left&quot;:&quot;&quot;,&quot;isLinked&quot;:true},&quot;icon_box_padding&quot;:{&quot;unit&quot;:&quot;px&quot;,&quot;top&quot;:&quot;&quot;,&quot;right&quot;:&quot;&quot;,&quot;bottom&quot;:&quot;&quot;,&quot;left&quot;:&quot;&quot;,&quot;isLinked&quot;:true},&quot;icon_box_padding_tablet&quot;:{&quot;unit&quot;:&quot;px&quot;,&quot;top&quot;:&quot;&quot;,&quot;right&quot;:&quot;&quot;,&quot;bottom&quot;:&quot;&quot;,&quot;left&quot;:&quot;&quot;,&quot;isLinked&quot;:true},&quot;icon_box_padding_mobile&quot;:{&quot;unit&quot;:&quot;px&quot;,&quot;top&quot;:&quot;&quot;,&quot;right&quot;:&quot;&quot;,&quot;bottom&quot;:&quot;&quot;,&quot;left&quot;:&quot;&quot;,&quot;isLinked&quot;:true}}\" data-widget_type=\"turner_project_carousel.default\">\n\t\t\t\t<div class=\"elementor-widget-container\">\n\t\t\t\t<div class=\"tur-project-content position-relative\">\r\n\t\t<div class=\"tur-project-slider swiper-container\">\r\n\t\t\t<div class=\"swiper-wrapper\">  \r\n\t\t\t\t\t\t\t\t<div class=\"swiper-slide\">\r\n\t\t\t\t\t<div class=\"tur-project-item\">\r\n\t\t\t\t\t\t<div class=\"project-img\">\r\n\t\t\t\t\t\t\t<img decoding=\"async\" src=\"https:\/\/fayeing-conseils.fr\/wp-content\/uploads\/2024\/02\/Design-sans-titre-16.png\" alt=\"\">\r\n\t\t\t\t\t\t<\/div>\r\n\t\t\t\t\t\t<div class=\"project-text position-relative\">\r\n\t\t\t\t\t\t\t<div class=\"item-location position-absolute\">\r\n\t\t\t\t\t\t\t\t<i class=\"fas fa-map-marker-alt\"><\/i> Claye Souilly (77)\t\t\t\t\t\t\t<\/div>\r\n\t\t\t\t\t\t\t<h3><a href=\"#\"><h6>23 logements collectifs<\/h6>\n<br>\n<br>\n<br>\n<br><\/a><\/h3>\r\n\t\t\t\t\t\t<\/div>\r\n\t\t\t\t\t<\/div>\r\n\t\t\t\t<\/div>\r\n\t\t\t\t\t\t\t\t<div class=\"swiper-slide\">\r\n\t\t\t\t\t<div class=\"tur-project-item\">\r\n\t\t\t\t\t\t<div class=\"project-img\">\r\n\t\t\t\t\t\t\t<img decoding=\"async\" src=\"https:\/\/fayeing-conseils.fr\/wp-content\/uploads\/2024\/02\/Design-sans-titre-15.png\" alt=\"\">\r\n\t\t\t\t\t\t<\/div>\r\n\t\t\t\t\t\t<div class=\"project-text position-relative\">\r\n\t\t\t\t\t\t\t<div class=\"item-location position-absolute\">\r\n\t\t\t\t\t\t\t\t<i class=\"fas fa-map-marker-alt\"><\/i> Boissy Saint-L\u00e9ger\t\t\t\t\t\t\t<\/div>\r\n\t\t\t\t\t\t\t<h3><a href=\"#\"><h6>4 maisons individuelles<\/h6>\n<br>\n<br>\n<br>\n<br><\/a><\/h3>\r\n\t\t\t\t\t\t<\/div>\r\n\t\t\t\t\t<\/div>\r\n\t\t\t\t<\/div>\r\n\t\t\t\t\t\t\t\t<div class=\"swiper-slide\">\r\n\t\t\t\t\t<div class=\"tur-project-item\">\r\n\t\t\t\t\t\t<div class=\"project-img\">\r\n\t\t\t\t\t\t\t<img decoding=\"async\" src=\"https:\/\/fayeing-conseils.fr\/wp-content\/uploads\/2024\/02\/Design-sans-titre-14.png\" alt=\"\">\r\n\t\t\t\t\t\t<\/div>\r\n\t\t\t\t\t\t<div class=\"project-text position-relative\">\r\n\t\t\t\t\t\t\t<div class=\"item-location position-absolute\">\r\n\t\t\t\t\t\t\t\t<i class=\"fas fa-map-marker-alt\"><\/i> Boissettes (77)\t\t\t\t\t\t\t<\/div>\r\n\t\t\t\t\t\t\t<h3><a href=\"#\"><h6>Village d'Enfants et Adolescents<\/h6>\n<br>\n<br>\n<br>\n<br><\/a><\/h3>\r\n\t\t\t\t\t\t<\/div>\r\n\t\t\t\t\t<\/div>\r\n\t\t\t\t<\/div>\r\n\t\t\t\t\t\t\t\t<div class=\"swiper-slide\">\r\n\t\t\t\t\t<div class=\"tur-project-item\">\r\n\t\t\t\t\t\t<div class=\"project-img\">\r\n\t\t\t\t\t\t\t<img decoding=\"async\" src=\"https:\/\/fayeing-conseils.fr\/wp-content\/uploads\/2024\/02\/Cabourg-hotel-loie-qui-pleure-e1708224428881.jpg\" alt=\"\">\r\n\t\t\t\t\t\t<\/div>\r\n\t\t\t\t\t\t<div class=\"project-text position-relative\">\r\n\t\t\t\t\t\t\t<div class=\"item-location position-absolute\">\r\n\t\t\t\t\t\t\t\t<i class=\"fas fa-map-marker-alt\"><\/i> Cabourg\t\t\t\t\t\t\t<\/div>\r\n\t\t\t\t\t\t\t<h3><a href=\"#\"><h6>R\u00e9habilitation, restructuration et mise aux normes de  \"L\u2019hostellerie de l\u2019oie qui fume \" <\/h6>\n<br>\n<br>\n<br>\n<br><\/a><\/h3>\r\n\t\t\t\t\t\t<\/div>\r\n\t\t\t\t\t<\/div>\r\n\t\t\t\t<\/div>\r\n\t\t\t\t\t\t\t\t<div class=\"swiper-slide\">\r\n\t\t\t\t\t<div class=\"tur-project-item\">\r\n\t\t\t\t\t\t<div class=\"project-img\">\r\n\t\t\t\t\t\t\t<img decoding=\"async\" src=\"https:\/\/fayeing-conseils.fr\/wp-content\/uploads\/2024\/02\/calcul-radiers-bases-vie-notre-dame-paris-e1708835368138.png\" alt=\"\">\r\n\t\t\t\t\t\t<\/div>\r\n\t\t\t\t\t\t<div class=\"project-text position-relative\">\r\n\t\t\t\t\t\t\t<div class=\"item-location position-absolute\">\r\n\t\t\t\t\t\t\t\t<i class=\"fas fa-map-marker-alt\"><\/i> Cath\u00e9drale Notre Dame de Paris\t\t\t\t\t\t\t<\/div>\r\n\t\t\t\t\t\t\t<h3><a href=\"#\"><h6>Calcul Radiers base vies \n <\/h6>\n<br>\n<br>\n<br>\n<br><\/a><\/h3>\r\n\t\t\t\t\t\t<\/div>\r\n\t\t\t\t\t<\/div>\r\n\t\t\t\t<\/div>\r\n\t\t\t\t\t\t\t\t<div class=\"swiper-slide\">\r\n\t\t\t\t\t<div class=\"tur-project-item\">\r\n\t\t\t\t\t\t<div class=\"project-img\">\r\n\t\t\t\t\t\t\t<img decoding=\"async\" src=\"https:\/\/fayeing-conseils.fr\/wp-content\/uploads\/2024\/03\/Screenshot_2024-03-20_13-54-02i.png\" alt=\"\">\r\n\t\t\t\t\t\t<\/div>\r\n\t\t\t\t\t\t<div class=\"project-text position-relative\">\r\n\t\t\t\t\t\t\t<div class=\"item-location position-absolute\">\r\n\t\t\t\t\t\t\t\t<i class=\"fas fa-map-marker-alt\"><\/i> THIAIS\t\t\t\t\t\t\t<\/div>\r\n\t\t\t\t\t\t\t<h3><a href=\"#\"><h6> 41 logements \u00e0 THIAIS\n <\/h6>\n<br>\n<br>\n<br>\n<br><\/a><\/h3>\r\n\t\t\t\t\t\t<\/div>\r\n\t\t\t\t\t<\/div>\r\n\t\t\t\t<\/div>\r\n\t\t\t\t\t\t\t\t<div class=\"swiper-slide\">\r\n\t\t\t\t\t<div class=\"tur-project-item\">\r\n\t\t\t\t\t\t<div class=\"project-img\">\r\n\t\t\t\t\t\t\t<img decoding=\"async\" src=\"https:\/\/fayeing-conseils.fr\/wp-content\/uploads\/2024\/03\/Screenshot_2024-03-20_14-08-27ffi.png\" alt=\"\">\r\n\t\t\t\t\t\t<\/div>\r\n\t\t\t\t\t\t<div class=\"project-text position-relative\">\r\n\t\t\t\t\t\t\t<div class=\"item-location position-absolute\">\r\n\t\t\t\t\t\t\t\t<i class=\"fas fa-map-marker-alt\"><\/i> ARGONAY (74)\t\t\t\t\t\t\t<\/div>\r\n\t\t\t\t\t\t\t<h3><a href=\"#\"><h6> Maison individuelle des BELKAID \n <\/h6>\n<br>\n<br>\n<br>\n<br><\/a><\/h3>\r\n\t\t\t\t\t\t<\/div>\r\n\t\t\t\t\t<\/div>\r\n\t\t\t\t<\/div>\r\n\t\t\t\t\t\t\t\t<div class=\"swiper-slide\">\r\n\t\t\t\t\t<div class=\"tur-project-item\">\r\n\t\t\t\t\t\t<div class=\"project-img\">\r\n\t\t\t\t\t\t\t<img decoding=\"async\" src=\"https:\/\/fayeing-conseils.fr\/wp-content\/uploads\/2024\/03\/Screenshot_2024-03-20_14-15-13ddd.png\" alt=\"\">\r\n\t\t\t\t\t\t<\/div>\r\n\t\t\t\t\t\t<div class=\"project-text position-relative\">\r\n\t\t\t\t\t\t\t<div class=\"item-location position-absolute\">\r\n\t\t\t\t\t\t\t\t<i class=\"fas fa-map-marker-alt\"><\/i> LAMORLAYE (60)\t\t\t\t\t\t\t<\/div>\r\n\t\t\t\t\t\t\t<h3><a href=\"#\"><h6> Maison individuelle  \n <\/h6>\n<br>\n<br>\n<br>\n<br><\/a><\/h3>\r\n\t\t\t\t\t\t<\/div>\r\n\t\t\t\t\t<\/div>\r\n\t\t\t\t<\/div>\r\n\t\t\t\t\t\t\t\t<div class=\"swiper-slide\">\r\n\t\t\t\t\t<div class=\"tur-project-item\">\r\n\t\t\t\t\t\t<div class=\"project-img\">\r\n\t\t\t\t\t\t\t<img decoding=\"async\" src=\"https:\/\/fayeing-conseils.fr\/wp-content\/uploads\/2024\/03\/Screenshot_2024-03-20_14-19-55pppppp.png\" alt=\"\">\r\n\t\t\t\t\t\t<\/div>\r\n\t\t\t\t\t\t<div class=\"project-text position-relative\">\r\n\t\t\t\t\t\t\t<div class=\"item-location position-absolute\">\r\n\t\t\t\t\t\t\t\t<i class=\"fas fa-map-marker-alt\"><\/i> AUBERVILLIERS (93)\t\t\t\t\t\t\t<\/div>\r\n\t\t\t\t\t\t\t<h3><a href=\"#\"><h6> Immeuble 8 logements \n <\/h6>\n<br>\n<br>\n<br>\n<br><\/a><\/h3>\r\n\t\t\t\t\t\t<\/div>\r\n\t\t\t\t\t<\/div>\r\n\t\t\t\t<\/div>\r\n\t\t\t\t\t\t\t\t<div class=\"swiper-slide\">\r\n\t\t\t\t\t<div class=\"tur-project-item\">\r\n\t\t\t\t\t\t<div class=\"project-img\">\r\n\t\t\t\t\t\t\t<img decoding=\"async\" src=\"https:\/\/fayeing-conseils.fr\/wp-content\/uploads\/2024\/03\/Screenshot_2024-03-20_14-28-17sssss.png\" alt=\"\">\r\n\t\t\t\t\t\t<\/div>\r\n\t\t\t\t\t\t<div class=\"project-text position-relative\">\r\n\t\t\t\t\t\t\t<div class=\"item-location position-absolute\">\r\n\t\t\t\t\t\t\t\t<i class=\"fas fa-map-marker-alt\"><\/i> VILLENEUVE SAINT GEORGES (94)\t\t\t\t\t\t\t<\/div>\r\n\t\t\t\t\t\t\t<h3><a href=\"#\"><h6> Pergola\n <\/h6>\n<br>\n<br>\n<br>\n<br><\/a><\/h3>\r\n\t\t\t\t\t\t<\/div>\r\n\t\t\t\t\t<\/div>\r\n\t\t\t\t<\/div>\r\n\t\t\t\t\t\t\t\t<div class=\"swiper-slide\">\r\n\t\t\t\t\t<div class=\"tur-project-item\">\r\n\t\t\t\t\t\t<div class=\"project-img\">\r\n\t\t\t\t\t\t\t<img decoding=\"async\" src=\"https:\/\/fayeing-conseils.fr\/wp-content\/uploads\/2024\/03\/Screenshot_2024-03-20_14-31-24ssssawf.png\" alt=\"\">\r\n\t\t\t\t\t\t<\/div>\r\n\t\t\t\t\t\t<div class=\"project-text position-relative\">\r\n\t\t\t\t\t\t\t<div class=\"item-location position-absolute\">\r\n\t\t\t\t\t\t\t\t<i class=\"fas fa-map-marker-alt\"><\/i> Drancy\t\t\t\t\t\t\t<\/div>\r\n\t\t\t\t\t\t\t<h3><a href=\"#\"><h6>Diagnostic structurel\n <\/h6>\n<br>\n<br>\n<br>\n<br><\/a><\/h3>\r\n\t\t\t\t\t\t<\/div>\r\n\t\t\t\t\t<\/div>\r\n\t\t\t\t<\/div>\r\n\t\t\t\t\t\t\t<\/div>\r\n\t\t<\/div>\r\n\t\t<div class=\"tur-project-slider-nav\">\r\n\t\t\t<div class=\"tur-project-button-prev tur-slider-arrow position-absolute d-flex justify-content-center align-items-center\"><img decoding=\"async\" src=\"https:\/\/themexriver.com\/wp\/buildexo\/wp-content\/uploads\/2023\/09\/arrow-prev.png\" alt=\"\"><\/div>\r\n\t\t\t<div class=\"tur-project-button-next tur-slider-arrow position-absolute d-flex justify-content-center align-items-center\"><img decoding=\"async\" src=\"https:\/\/themexriver.com\/wp\/buildexo\/wp-content\/uploads\/2023\/09\/arrow-next.png\" alt=\"\"><\/div>\r\n\t\t<\/div>\r\n\t<\/div>\r\n\t\t\t<\/div>\n\t\t\t\t<\/div>\n\t\t\t\t<\/div>\n\t\t<div class=\"elementor-element elementor-element-cfbde15 e-flex e-con-boxed e-con e-parent\" data-id=\"cfbde15\" data-element_type=\"container\">\n\t\t\t\t\t<div class=\"e-con-inner\">\n\t\t\t\t<div class=\"elementor-element elementor-element-d4036f2 elementor-widget elementor-widget-spacer\" data-id=\"d4036f2\" data-element_type=\"widget\" data-widget_type=\"spacer.default\">\n\t\t\t\t<div class=\"elementor-widget-container\">\n\t\t\t\t\t<div class=\"elementor-spacer\">\n\t\t\t<div class=\"elementor-spacer-inner\"><\/div>\n\t\t<\/div>\n\t\t\t\t<\/div>\n\t\t\t\t<\/div>\n\t\t\t\t\t<\/div>\n\t\t\t\t<\/div>\n\t\t<div class=\"elementor-element elementor-element-bd2fd48 e-flex e-con-boxed e-con e-parent\" data-id=\"bd2fd48\" data-element_type=\"container\">\n\t\t\t\t\t<div class=\"e-con-inner\">\n\t\t\t\t<div class=\"elementor-element elementor-element-aea19fc elementor-widget elementor-widget-spacer\" data-id=\"aea19fc\" data-element_type=\"widget\" data-widget_type=\"spacer.default\">\n\t\t\t\t<div class=\"elementor-widget-container\">\n\t\t\t\t\t<div class=\"elementor-spacer\">\n\t\t\t<div class=\"elementor-spacer-inner\"><\/div>\n\t\t<\/div>\n\t\t\t\t<\/div>\n\t\t\t\t<\/div>\n\t\t\t\t\t<\/div>\n\t\t\t\t<\/div>\n\t\t\t\t<\/div>\n\t\t","protected":false},"excerpt":{"rendered":"<p>NOS COMP\u00c9TENCES A TRAVERS NOS R\u00c9ALISATIONS Claye Souilly (77) 23 logements collectifs Boissy Saint-L\u00e9ger 4 maisons individuelles Boissettes (77) Village d&#8217;Enfants et Adolescents Cabourg R\u00e9habilitation, restructuration et mise aux normes de &#8220;L\u2019hostellerie de l\u2019oie qui fume &#8221; Cath\u00e9drale Notre Dame de Paris Calcul Radiers base vies THIAIS 41 logements \u00e0 THIAIS ARGONAY (74) Maison individuelle [&hellip;]<\/p>\n","protected":false},"author":1,"featured_media":0,"parent":0,"menu_order":0,"comment_status":"closed","ping_status":"closed","template":"elementor_header_footer","meta":{"footnotes":""},"class_list":["post-2426","page","type-page","status-publish","hentry"],"aioseo_notices":[],"_links":{"self":[{"href":"https:\/\/fayeing-conseils.fr\/index.php\/wp-json\/wp\/v2\/pages\/2426","targetHints":{"allow":["GET"]}}],"collection":[{"href":"https:\/\/fayeing-conseils.fr\/index.php\/wp-json\/wp\/v2\/pages"}],"about":[{"href":"https:\/\/fayeing-conseils.fr\/index.php\/wp-json\/wp\/v2\/types\/page"}],"author":[{"embeddable":true,"href":"https:\/\/fayeing-conseils.fr\/index.php\/wp-json\/wp\/v2\/users\/1"}],"replies":[{"embeddable":true,"href":"https:\/\/fayeing-conseils.fr\/index.php\/wp-json\/wp\/v2\/comments?post=2426"}],"version-history":[{"count":96,"href":"https:\/\/fayeing-conseils.fr\/index.php\/wp-json\/wp\/v2\/pages\/2426\/revisions"}],"predecessor-version":[{"id":4882,"href":"https:\/\/fayeing-conseils.fr\/index.php\/wp-json\/wp\/v2\/pages\/2426\/revisions\/4882"}],"wp:attachment":[{"href":"https:\/\/fayeing-conseils.fr\/index.php\/wp-json\/wp\/v2\/media?parent=2426"}],"curies":[{"name":"wp","href":"https:\/\/api.w.org\/{rel}","templated":true}]}}